{"id":814,"date":"2026-02-08T11:33:53","date_gmt":"2026-02-08T10:33:53","guid":{"rendered":"https:\/\/circularoutdoorcollective.org\/?page_id=814"},"modified":"2026-04-05T13:08:01","modified_gmt":"2026-04-05T12:08:01","slug":"projects","status":"publish","type":"page","link":"https:\/\/circularoutdoorcollective.org\/de\/projects\/","title":{"rendered":"Projekte"},"content":{"rendered":"<div class=\"wp-block-group alignfull has-global-padding is-layout-constrained wp-container-core-group-is-layout-e5658af2 wp-block-group-is-layout-constrained\" style=\"margin-top:0;margin-bottom:0;padding-top:var(--wp--preset--spacing--superbspacing-xxsmall);padding-right:var(--wp--preset--spacing--superbspacing-small);padding-bottom:var(--wp--preset--spacing--superbspacing-xxsmall);padding-left:var(--wp--preset--spacing--superbspacing-small)\"><nav style=\"--separator: &quot;\/&quot;;\" class=\"alignwide wp-block-breadcrumbs\" aria-label=\"Breadcrumbs\"><ol><li><a href=\"https:\/\/circularoutdoorcollective.org\/de\/\">Start<\/a><\/li><li><span aria-current=\"page\">Projekte<\/span><\/li><\/ol><\/nav><\/div>\n\n\n\n<div class=\"wp-block-group has-global-padding is-layout-constrained wp-container-core-group-is-layout-bac7c9b8 wp-block-group-is-layout-constrained\" style=\"padding-right:var(--wp--preset--spacing--superbspacing-small);padding-bottom:var(--wp--preset--spacing--superbspacing-xsmall);padding-left:var(--wp--preset--spacing--superbspacing-small)\">\n<h2 class=\"wp-block-heading\">Die Philosophie hinter unserer Arbeitsweise<\/h2>\n\n\n\n<p class=\"has-text-align-center has-mono-2-color has-text-color has-primary-hover-color has-cutive-mono-font-family has-superbfont-small-font-size wp-block-paragraph\" style=\"padding-right:0;padding-left:0;font-style:normal;font-weight:400;letter-spacing:-1px;line-height:1.5\"><span class=\"has-superb-addons-text-align-justify\">Wir glauben an die Wirksamkeit kleiner Projekte. Schrittweise Ver\u00e4nderungen, die einen nat\u00fcrlichen Zyklus widerspiegeln, wodurch wir stets agil und offen f\u00fcr Verbesserungen bleiben. Auf diese Weise ist es viel einfacher, gewonnene Erkenntnisse und Erfahrungen \u2013 auch aus Fehlern \u2013 in den laufenden Prozess zu integrieren. Dabei verlieren wir nie den Blick f\u00fcr das gro\u00dfe Ganze. Das gilt auch f\u00fcr unsere Einstellung zur Finanzierung. Wir finanzieren lieber kleine, schrittweise Projekte, als uns auf einen gro\u00dfen Kredit oder Subventionen zu verlassen. Denn es besteht immer die Gefahr, in einen Tunnelblick zu geraten, zu viel investiert zu haben, um Pl\u00e4ne leicht \u00e4ndern zu k\u00f6nnen, oder im Entscheidungsprozess erheblich beeinflusst zu werden.<\/span><\/p>\n\n\n\n<p class=\"has-text-align-center has-mono-2-color has-text-color has-primary-hover-color has-cutive-mono-font-family has-superbfont-small-font-size wp-block-paragraph\" style=\"padding-right:0;padding-left:0;font-style:normal;font-weight:400;letter-spacing:-1px;line-height:1.5\"><span class=\"has-superb-addons-text-align-justify\">Dieser Prozess konzentriert sich vor allem auf Projekte zum Aufbau des Circular Outdoor Collective und des HAFH. Wir sind jedoch \u00fcberzeugt, dass er einfach angepasst werden kann und Du ihn auch in deinem Umfeld oder deiner Nachbarschaft verwenden kannst um positive Ver\u00e4nderungen zu bewirken.<\/span><\/p>\n<\/div>\n\n\n\n<div class=\"wp-block-group has-featured-background-color has-background has-global-padding is-layout-constrained wp-block-group-is-layout-constrained\">\n<h2 class=\"wp-block-heading has-superbfont-xlarge-font-size\">Der zirkul\u00e4re Prozess<\/h2>\n\n\n\n<style>\n\t#hotspot-1799 .hotspots-image-container,\n\t#hotspot-1799 .leaflet-container {\n\t\tbackground: #f7f2ea\t}\n\n\t#hotspot-1799 .hotspots-placeholder {\n\t\tbackground: #f7f2ea;\n\t\tborder: 0 #f7f2ea solid;\n\t\tcolor: #020202;\n\t}\n\n\t#hotspot-1799 .hotspot-title {\n\t\tcolor: #020101;\n\t}\n\n\t\t\t#hotspot-1799 .hotspot-default {\n\t\t\tstroke-width: -1;\n\t\t\tfill: #ffffff;\n\t\t\tfill-opacity: 0;\n\t\t\tstroke: #ffffff;\n\t\t\tstroke-opacity: 0;\n\t\t}\n\t\t#hotspot-1799 .hotspot-default:hover,\n\t\t#hotspot-1799 .hotspot-default:focus-visible,\n\t\t#hotspot-1799 .hotspot-default.hotspot-active {\n\t\t\tfill: #020100;\n\t\t\tfill-opacity: 0.41;\n\t\t\tstroke: #020000;\n\t\t\tstroke-opacity: 0.01;\n\t\t}\n\t\t#hotspot-1799 .leaflet-tooltip,\n\t#hotspot-1799 .leaflet-rrose-content-wrapper {\n\t\tbackground: #f7f2ea;\n\t\tborder-color: #f7f2ea;\n\t\tcolor: #020202;\n\t}\n\n\t#hotspot-1799 a.leaflet-rrose-close-button {\n\t\tcolor: #020101;\n\t}\n\n\t#hotspot-1799 .leaflet-rrose-tip {\n\t\tbackground: #f7f2ea;\n\t}\n\n\t#hotspot-1799 .leaflet-popup-scrolled {\n\t\tborder-bottom-color: #020202;\n\t\tborder-top-color: #020202;\n\t}\n\n\t#hotspot-1799 .leaflet-tooltip-top:before {\n\t\tborder-top-color: #f7f2ea;\n\t}\n\n\t#hotspot-1799 .leaflet-tooltip-bottom:before {\n\t\tborder-bottom-color: #f7f2ea;\n\t}\n\t#hotspot-1799 .leaflet-tooltip-left:before {\n\t\tborder-left-color: #f7f2ea;\n\t}\n\t#hotspot-1799 .leaflet-tooltip-right:before {\n\t\tborder-right-color: #f7f2ea;\n\t}\n<\/style>\n\n\t\n\t<div class=\"hotspots-container  layout-left event-click\" id=\"hotspot-1799\" data-layout=\"left\" data-trigger=\"click\">\n\t\t<div class=\"hotspots-interaction\">\n\t\t\t\t<div class=\"hotspots-placeholder\" id=\"content-hotspot-1799\">\n\t\t<div class=\"hotspot-initial\">\n\t\t\t\t\t\t\t\t\t<div class=\"hotspot-content\">\n\t\t\t\t\t\t\t\t\t<p>Klicke auf die verschiedenen Phasen um mehr \u00fcber den zirkul\u00e4ren Prozess zu erfahren<\/p>\n\t\t\t\t\t\t\t<\/div>\n\t\t<\/div>\n\t<\/div>\n<div class=\"hotspots-image-container\">\n\t<img\n\t\twidth=\"2560\"\n\t\theight=\"2543\"\n\t\tsrc=\"https:\/\/circularoutdoorcollective.org\/wp-content\/uploads\/2026\/04\/Process_scaled-1-scaled.png\"\n\t\talt=\"\"\n\t\tclass=\"hotspots-image skip-lazy\"\n\t\tusemap=\"#hotspots-image-1799\"\n\t\tdata-image-title=\"\"\n\t\tdata-image-description=\"Click on the different phases to learn more about our circular process\"\n\t\tdata-event-trigger=\"click\"\n\t\tdata-always-visible=\"false\"\n\t\tdata-id=\"1799\"\n\t\tdata-no-lazy=\"1\"\n\t\tdata-lazy-src=\"\"\n\t\tdata-lazy=\"false\"\n\t\tloading=\"eager\"\n\t\tdata-skip-lazy=\"1\"\n\t\t>\n<\/div>\t\t<\/div>\n\t\t<map name=\"hotspots-image-1799\" class=\"hotspots-map\">\n\t\t\t\t\t\t\t\t\t\t\t<area\n\t\t\t\t\tshape=\"polygon\"\n\t\t\t\t\tcoords=\"824,378,820,356,830,330,876,306,950,278,1023,259,1098,245,1174,236,1248,233,1324,232,1399,238,1525,259,1652,301,1726,333,1797,370,1861,410,1924,456,1930,467,1935,482,1938,557,1943,628,1936,648,1917,662,1845,669,1751,673,1738,667,1658,614,1554,563,1458,535,1366,518,1247,514,1144,534,1038,564,976,587,952,590,931,581,920,562,918,536,930,494,938,451,933,436,925,425,915,417,835,395\"\n\t\t\t\t\thref=\"#hotspot-hotspot-1799-0\"\n\t\t\t\t\trel=\"\"\n\t\t\t\t\ttitle=\"1. User Stories\"\n\t\t\t\t\talt=\"1. User Stories\"\n\t\t\t\t\tdata-action=\"\"\n\t\t\t\t\tdata-color-scheme=\"\"\n\t\t\t\t\ttarget=\"\"\n\t\t\t\t\tclass=\"more-info-area\"\n\t\t\t\t\t>\n\t\t\t\t\t\t\t\t\t\t\t<area\n\t\t\t\t\tshape=\"polygon\"\n\t\t\t\t\tcoords=\"1869,789,1872,763,1892,741,1912,737,1985,737,2002,728,2013,712,2016,699,2017,638,2030,617,2046,606,2069,605,2086,615,2125,668,2169,733,2204,796,2231,853,2264,935,2289,1023,2306,1097,2317,1175,2317,1324,2311,1398,2302,1473,2283,1550,2254,1637,2217,1724,2210,1733,2199,1741,2124,1762,2053,1782,2039,1782,2024,1778,2011,1764,1968,1618,1964,1600,1969,1585,1999,1512,2022,1434,2033,1356,2036,1278,2036,1213,2027,1138,2014,1080,1996,1023,1978,975,1956,932,1927,881,1896,832\"\n\t\t\t\t\thref=\"#hotspot-hotspot-1799-1\"\n\t\t\t\t\trel=\"\"\n\t\t\t\t\ttitle=\"2. Konzepte\"\n\t\t\t\t\talt=\"2. Concepts\"\n\t\t\t\t\tdata-action=\"\"\n\t\t\t\t\tdata-color-scheme=\"\"\n\t\t\t\t\ttarget=\"\"\n\t\t\t\t\tclass=\"more-info-area\"\n\t\t\t\t\t>\n\t\t\t\t\t\t\t\t\t\t\t<area\n\t\t\t\t\tshape=\"polygon\"\n\t\t\t\t\tcoords=\"1880,1740,1912,1744,1938,1772,1943,1820,1953,1849,1968,1863,2000,1867,2031,1860,2057,1855,2087,1867,2100,1890,2094,1918,2062,1955,2018,2001,1946,2067,1906,2101,1824,2155,1752,2196,1679,2230,1579,2266,1481,2292,1404,2302,1314,2310,1215,2307,1159,2303,1105,2297,1062,2288,1048,2280,1030,2263,974,2162,965,2138,963,2114,974,2094,992,2084,1095,2024,1115,2020,1133,2013,1166,2020,1239,2029,1331,2027,1404,2020,1447,2009,1471,2004,1519,1991,1574,1968,1626,1946,1664,1925,1705,1899,1740,1873,1779,1841,1820,1802,1848,1773\"\n\t\t\t\t\thref=\"#hotspot-hotspot-1799-2\"\n\t\t\t\t\trel=\"\"\n\t\t\t\t\ttitle=\"3. Design\"\n\t\t\t\t\talt=\"3. Design\"\n\t\t\t\t\tdata-action=\"\"\n\t\t\t\t\tdata-color-scheme=\"\"\n\t\t\t\t\ttarget=\"\"\n\t\t\t\t\tclass=\"more-info-area\"\n\t\t\t\t\t>\n\t\t\t\t\t\t\t\t\t\t\t<area\n\t\t\t\t\tshape=\"polygon\"\n\t\t\t\t\tcoords=\"356,1308,381,1295,406,1305,515,1391,529,1405,537,1426,554,1496,571,1542,591,1590,622,1647,653,1699,695,1755,731,1796,781,1845,830,1883,878,1916,919,1938,951,1958,969,1976,972,1999,961,2018,941,2030,921,2040,889,2054,871,2071,866,2102,877,2126,890,2150,898,2170,798,2195,759,2174,705,2140,642,2094,590,2050,541,2005,495,1952,456,1905,417,1850,366,1771,347,1730,326,1684,305,1631,290,1590,280,1555,269,1522,264,1495,258,1465,256,1441,259,1423,272,1406,345,1319\"\n\t\t\t\t\thref=\"#hotspot-hotspot-1799-3\"\n\t\t\t\t\trel=\"\"\n\t\t\t\t\ttitle=\"4. Umsetzung\"\n\t\t\t\t\talt=\"4. Implementation\"\n\t\t\t\t\tdata-action=\"\"\n\t\t\t\t\tdata-color-scheme=\"\"\n\t\t\t\t\ttarget=\"\"\n\t\t\t\t\tclass=\"more-info-area\"\n\t\t\t\t\t>\n\t\t\t\t\t\t\t\t\t\t\t<area\n\t\t\t\t\tshape=\"polygon\"\n\t\t\t\t\tcoords=\"641,450,662,441,682,441,807,462,821,464,836,476,846,495,846,518,828,639,826,655,818,669,805,680,770,711,721,756,662,831,623,892,589,963,571,1001,549,1070,538,1123,528,1175,523,1215,522,1248,521,1273,513,1286,494,1285,415,1209,397,1199,375,1195,357,1201,332,1228,280,1283,267,1291,248,1286,238,1268,243,1203,251,1128,262,1058,273,1013,289,954,313,893,340,822,367,772,401,715,438,662,466,623,504,579,545,532,590,494\"\n\t\t\t\t\thref=\"#hotspot-hotspot-1799-4\"\n\t\t\t\t\trel=\"\"\n\t\t\t\t\ttitle=\"5. Test\"\n\t\t\t\t\talt=\"5. Test\"\n\t\t\t\t\tdata-action=\"\"\n\t\t\t\t\tdata-color-scheme=\"\"\n\t\t\t\t\ttarget=\"\"\n\t\t\t\t\tclass=\"more-info-area\"\n\t\t\t\t\t>\n\t\t\t\t\t<\/map>\n\n\t\t\n\t\t\t\t\t\n\t\t\t\t\t\t<div class=\"hotspot-info\" id=\"hotspot-hotspot-1799-0\">\n\t\t\t\t\n\t\t\t\t<h2 class=\"hotspot-title\">1. User Stories<\/h2>\t\t\t\t\t\t\t\t<div class=\"hotspot-content\">\n\t\t\t\t\t<p>Eine gute L\u00f6sung beginnt damit, das Problem richtig zu identifizieren und alle Anforderungen zu benennen. Das kann man erreichen \u00fcber sogenannte <strong>User Stories<\/strong>: einer Sammlung individueller Sichtweisen von Allen, die unsere geplanten \u00c4nderungen nutzen, mit ihnen interagieren oder von ihnen betroffen sind. Wir gehen bei diesem Ansatz jedoch noch einen Schritt weiter und fragen uns, welche nicht-individuellen Akteure betroffen sein k\u00f6nnten. Dies k\u00f6nnen das \u00d6kosystem, die sozialen Strukturen der umliegenden Gemeinschaft sowie zuk\u00fcnftige Generationen sein. Diese Stories k\u00f6nnen sich mit der Zeit und durch zus\u00e4tzliche Erkenntnisse \u00e4ndern oder erweitert werden. Genau darin liegt das Sch\u00f6ne am zirkul\u00e4ren Arbeiten und Denken: Es gibt keinen Anfang und kein Ende, sondern nur Iterationen, die eine kontinuierliche Verbesserung erm\u00f6glichen.<\/p>\n\t\t\t\t<\/div>\n\t\t\t<\/div>\n\t\t\t\t\t\n\t\t\t\t\t\t<div class=\"hotspot-info\" id=\"hotspot-hotspot-1799-1\">\n\t\t\t\t\n\t\t\t\t<h2 class=\"hotspot-title\">2. Konzepte<\/h2>\t\t\t\t\t\t\t\t<div class=\"hotspot-content\">\n\t\t\t\t\t<p style=\"line-height: 100%;margin-bottom: 0cm\" class=\"translation-block\">Auf der Grundlage all der gesammelten Stories,  beginnen wir, \u00fcber die wildesten  <\/span><strong><span style=\"text-decoration: none\">Konzepte<\/span><\/strong><span style=\"text-decoration: none\"> nachzudenken, die sie erf\u00fcllen k\u00f6nnten. Der Erfolg dieser ersten beiden Phasen h\u00e4ngt in hohem Ma\u00dfe davon ab, dass wir mit anderen sprechen, unsere Perspektive h\u00e4ufig wechseln und die Anforderungen nicht an vordefinierten L\u00f6sungen in unseren K\u00f6pfen anpassen. Die Konzeptphase wird mit einem objektiven Vergleich aller Konzepte und der Frage abgeschlossen, welches davon in die Designphase \u00fcbernommen wird. Manchmal kann die Antwort auch lauten: Keines.<\/p>\n\t\t\t\t<\/div>\n\t\t\t<\/div>\n\t\t\t\t\t\n\t\t\t\t\t\t<div class=\"hotspot-info\" id=\"hotspot-hotspot-1799-2\">\n\t\t\t\t\n\t\t\t\t<h2 class=\"hotspot-title\">3. Design<\/h2>\t\t\t\t\t\t\t\t<div class=\"hotspot-content\">\n\t\t\t\t\t<p style=\"line-height: 100%;margin-bottom: 0cm\" class=\"translation-block\">Die  <\/span><strong><span style=\"text-decoration: none\">Designphase<\/span><\/strong><span style=\"text-decoration: none\"> macht den gr\u00f6\u00dften Teil der Arbeit aus. Wir legen alle Spezifikationen fest, stellen das f\u00fcr die Umsetzung und Wartung erforderliche Team zusammen, suchen nach m\u00f6glichen Kooperationen, erstellen einen Zeitplan, erarbeiten einen Budgetplan und prognostizieren die \u00f6kologischen, sozialen und finanziellen Vorteile des Projekts. Am Ende dieser Phase steht DIE Bewertung: Nutzer, Teilnehmer und alle, die von dem Projekt betroffen sind, entscheiden, ob das  <\/span><strong><span style=\"text-decoration: none\">Design<\/span><\/strong><span style=\"text-decoration: none\"> bereit f\u00fcr die Umsetzung ist und ob es die von uns erhoffte Wirkung hat. Nach bestandener \u00dcberpr\u00fcfung starten wir die Finanzierung: Alle, die an dem Projekt beteiligt sind, davon betroffen sind oder es einfach nur unterst\u00fctzen m\u00f6chten, k\u00f6nnen einen Teil davon finanzieren. Im Gegenzug erhalten Unterst\u00fctzer einen Gutschein im Wert ihrer Investition, den sie f\u00fcr die Produkte des COC oder ihren n\u00e4chsten Aufenthalt im HAFH einl\u00f6sen k\u00f6nnen.<\/p>\n\t\t\t\t<\/div>\n\t\t\t<\/div>\n\t\t\t\t\t\n\t\t\t\t\t\t<div class=\"hotspot-info\" id=\"hotspot-hotspot-1799-3\">\n\t\t\t\t\n\t\t\t\t<h2 class=\"hotspot-title\">4. Umsetzung<\/h2>\t\t\t\t\t\t\t\t<div class=\"hotspot-content\">\n\t\t\t\t\t<p style=\"line-height: 100%;margin-bottom: 0cm;text-decoration: none\" class=\"translation-block\">Sobald die Finanzierung des Projekts durch eine festgelegte Schwelle gesichert ist, beginnt die  <\/span><strong><span style=\"text-decoration: none\">Umsetzung<\/span><\/strong><span style=\"text-decoration: none\">. Unser Ziel ist es, die Unterst\u00fctzer und das Kollektiv auf jede erdenkliche Weise eng in diese Phase einzubinden. Da jeder unterschiedliche St\u00e4rken und Leidenschaften mitbringt, von denen wir lernen k\u00f6nnen. So wird die Verwirklichung des Projekts zu einer gemeinsamen Anstrengung und einem gemeinsamen Erfolg.<\/p>\n\t\t\t\t<\/div>\n\t\t\t<\/div>\n\t\t\t\t\t\n\t\t\t\t\t\t<div class=\"hotspot-info\" id=\"hotspot-hotspot-1799-4\">\n\t\t\t\t\n\t\t\t\t<h2 class=\"hotspot-title\">5. Test<\/h2>\t\t\t\t\t\t\t\t<div class=\"hotspot-content\">\n\t\t\t\t\t<p style=\"line-height: 100%;margin-bottom: 0cm;font-weight: normal;text-decoration: none\">Und schlie\u00dflich nutzen wir es, <strong>testen<\/strong> es, <strong>bewerten<\/strong> unsere Arbeit, machen vermutlich etwas kaputt, reparieren es wieder und sammeln R\u00fcckmeldungen. Denn man wei\u00df nie, wer davon profitieren und die L\u00f6sung in einem anderen Kontext sinnvoll einsetzen kann. Der n\u00e4chste Zyklus wird also mit Sicherheit kommen \u2026<\/p>\n\t\t\t\t<\/div>\n\t\t\t<\/div>\n\t\t\t<\/div>\n\n\n\n\n\n\n\n\n\n\n\n\n<\/div>\n\n\n\n<div class=\"wp-block-group has-global-padding is-layout-constrained wp-block-group-is-layout-constrained\">\n<h1 class=\"wp-block-heading\">Aktuelle Projekte<\/h1>\n<\/div>\n\n\n\n<div class=\"wp-block-group alignfull has-global-padding is-layout-constrained wp-container-core-group-is-layout-61f5e278 wp-block-group-is-layout-constrained\" style=\"margin-top:0;margin-bottom:0;padding-top:var(--wp--preset--spacing--superbspacing-small);padding-right:var(--wp--preset--spacing--superbspacing-small);padding-bottom:var(--wp--preset--spacing--superbspacing-small);padding-left:var(--wp--preset--spacing--superbspacing-small)\">\n<div class=\"wp-block-columns alignwide is-layout-flex wp-container-core-columns-is-layout-d722ce72 wp-block-columns-is-layout-flex\">\n<div class=\"wp-block-column is-vertically-aligned-center is-layout-flow wp-container-core-column-is-layout-57b86be5 wp-block-column-is-layout-flow\" style=\"padding-right:0;padding-bottom:0;padding-left:0;flex-basis:60%\">\n<div class=\"wp-block-group is-layout-flow wp-container-core-group-is-layout-456429c6 wp-block-group-is-layout-flow\">\n<h3 class=\"wp-block-heading has-text-align-center has-cutive-mono-font-family has-superbfont-large-font-size\" style=\"line-height:1.2\">Dieser Teil is noch in Bearbeitung<\/h3>\n\n\n\n<p class=\"has-text-align-center has-mono-2-color has-text-color has-cutive-mono-font-family has-superbfont-small-font-size wp-block-paragraph\">Wir arbeiten st\u00e4ndig an den Inhalten f\u00fcr das COC. Wir k\u00f6nnen dich benachrichtigen wenn es etwas neues gibt.<\/p>\n<\/div>\n\n\n\n<div class=\"wp-block-buttons is-content-justification-center is-layout-flex wp-container-core-buttons-is-layout-20959078 wp-block-buttons-is-layout-flex\">\n<div class=\"wp-block-button hvr-grow popmake-1140\"><a class=\"wp-block-button__link wp-element-button\">Mach mit<\/a><\/div>\n<\/div>\n<\/div>\n\n\n\n<div class=\"wp-block-column is-vertically-aligned-center is-layout-flow wp-container-core-column-is-layout-6306a1e6 wp-block-column-is-layout-flow\" style=\"padding-top:0;padding-right:0;padding-bottom:0;padding-left:0\">\n<figure class=\"wp-block-image size-large has-custom-border\" style=\"margin-right:0;margin-left:0\"><img loading=\"lazy\" decoding=\"async\" width=\"2560\" height=\"2560\" src=\"https:\/\/circularoutdoorcollective.org\/wp-content\/uploads\/2026\/02\/IMG_20241004_184337_edited-edited-scaled.jpg\" alt=\"Newton under construction\" class=\"wp-image-787\" style=\"border-radius:8px\" srcset=\"https:\/\/circularoutdoorcollective.org\/wp-content\/uploads\/2026\/02\/IMG_20241004_184337_edited-edited-scaled.jpg 2560w, https:\/\/circularoutdoorcollective.org\/wp-content\/uploads\/2026\/02\/IMG_20241004_184337_edited-edited-300x300.jpg 300w, https:\/\/circularoutdoorcollective.org\/wp-content\/uploads\/2026\/02\/IMG_20241004_184337_edited-edited-1024x1024.jpg 1024w, https:\/\/circularoutdoorcollective.org\/wp-content\/uploads\/2026\/02\/IMG_20241004_184337_edited-edited-150x150.jpg 150w, https:\/\/circularoutdoorcollective.org\/wp-content\/uploads\/2026\/02\/IMG_20241004_184337_edited-edited-768x768.jpg 768w, https:\/\/circularoutdoorcollective.org\/wp-content\/uploads\/2026\/02\/IMG_20241004_184337_edited-edited-1536x1536.jpg 1536w, https:\/\/circularoutdoorcollective.org\/wp-content\/uploads\/2026\/02\/IMG_20241004_184337_edited-edited-2048x2048.jpg 2048w, https:\/\/circularoutdoorcollective.org\/wp-content\/uploads\/2026\/02\/IMG_20241004_184337_edited-edited-1320x1320.jpg 1320w\" sizes=\"auto, (max-width: 2560px) 100vw, 2560px\" \/><\/figure>\n<\/div>\n<\/div>\n<\/div>","protected":false},"excerpt":{"rendered":"<p>The Philosopy behind the way we work We believe in the power of working in small projects reflecting incremental change, thereby constantly remaining agile and open for improvement. That way, it&#8217;s much easier to integrate gained knowledge and experience \u2014 also through mistakes \u2014 into the ongoing process. While preventing us from losing track of [&hellip;]<\/p>\n","protected":false},"author":1,"featured_media":0,"parent":0,"menu_order":0,"comment_status":"closed","ping_status":"closed","template":"","meta":{"_crdt_document":"","footnotes":""},"class_list":["post-814","page","type-page","status-publish","hentry"],"_links":{"self":[{"href":"https:\/\/circularoutdoorcollective.org\/de\/wp-json\/wp\/v2\/pages\/814","targetHints":{"allow":["GET"]}}],"collection":[{"href":"https:\/\/circularoutdoorcollective.org\/de\/wp-json\/wp\/v2\/pages"}],"about":[{"href":"https:\/\/circularoutdoorcollective.org\/de\/wp-json\/wp\/v2\/types\/page"}],"author":[{"embeddable":true,"href":"https:\/\/circularoutdoorcollective.org\/de\/wp-json\/wp\/v2\/users\/1"}],"replies":[{"embeddable":true,"href":"https:\/\/circularoutdoorcollective.org\/de\/wp-json\/wp\/v2\/comments?post=814"}],"version-history":[{"count":41,"href":"https:\/\/circularoutdoorcollective.org\/de\/wp-json\/wp\/v2\/pages\/814\/revisions"}],"predecessor-version":[{"id":1872,"href":"https:\/\/circularoutdoorcollective.org\/de\/wp-json\/wp\/v2\/pages\/814\/revisions\/1872"}],"wp:attachment":[{"href":"https:\/\/circularoutdoorcollective.org\/de\/wp-json\/wp\/v2\/media?parent=814"}],"curies":[{"name":"wp","href":"https:\/\/api.w.org\/{rel}","templated":true}]}}