{"id":815,"date":"2026-02-08T11:33:00","date_gmt":"2026-02-08T10:33:00","guid":{"rendered":"https:\/\/circularoutdoorcollective.org\/?page_id=815"},"modified":"2026-02-25T15:08:37","modified_gmt":"2026-02-25T14:08:37","slug":"products","status":"publish","type":"page","link":"https:\/\/circularoutdoorcollective.org\/de\/products\/","title":{"rendered":"Produkte"},"content":{"rendered":"<div class=\"wp-block-group alignfull has-global-padding is-layout-constrained wp-container-core-group-is-layout-e5658af2 wp-block-group-is-layout-constrained\" style=\"margin-top:0;margin-bottom:0;padding-top:var(--wp--preset--spacing--superbspacing-xxsmall);padding-right:var(--wp--preset--spacing--superbspacing-small);padding-bottom:var(--wp--preset--spacing--superbspacing-xxsmall);padding-left:var(--wp--preset--spacing--superbspacing-small)\"><nav style=\"--separator: &quot;\/&quot;;\" class=\"alignwide wp-block-breadcrumbs\" aria-label=\"Breadcrumbs\"><ol><li><a href=\"https:\/\/circularoutdoorcollective.org\/de\/\">Start<\/a><\/li><li><span aria-current=\"page\">Produkte<\/span><\/li><\/ol><\/nav><\/div>\n\n\n\n<div class=\"wp-block-group alignfull has-global-padding is-layout-constrained wp-container-core-group-is-layout-ff2fc0de wp-block-group-is-layout-constrained\" style=\"margin-top:0;margin-bottom:0;padding-top:var(--wp--preset--spacing--superbspacing-large);padding-right:var(--wp--preset--spacing--superbspacing-small);padding-bottom:var(--wp--preset--spacing--superbspacing-large);padding-left:var(--wp--preset--spacing--superbspacing-small)\">\n<div class=\"wp-block-columns alignwide is-layout-flex wp-container-core-columns-is-layout-d722ce72 wp-block-columns-is-layout-flex\">\n<div class=\"wp-block-column is-vertically-aligned-center is-layout-flow wp-container-core-column-is-layout-57b86be5 wp-block-column-is-layout-flow\" style=\"padding-right:0;padding-bottom:0;padding-left:0;flex-basis:60%\">\n<div class=\"wp-block-group is-layout-flow wp-container-core-group-is-layout-456429c6 wp-block-group-is-layout-flow\">\n<h3 class=\"wp-block-heading has-text-align-center has-cutive-mono-font-family has-superbfont-xlarge-font-size\" style=\"line-height:1.2\">Dieser Teil is noch in Bearbeitung<\/h3>\n\n\n\n<p class=\"has-text-align-center has-mono-2-color has-text-color has-cutive-mono-font-family has-superbfont-small-font-size wp-block-paragraph\">Wir arbeiten st\u00e4ndig an den Inhalten f\u00fcr das COC. Wir k\u00f6nnen dich benachrichtigen wenn es etwas neues gibt.<\/p>\n<\/div>\n\n\n\n<div class=\"wp-block-buttons is-content-justification-center is-layout-flex wp-container-core-buttons-is-layout-20959078 wp-block-buttons-is-layout-flex\">\n<div class=\"wp-block-button hvr-grow popmake-1140\"><a class=\"wp-block-button__link wp-element-button\">Mach mit<\/a><\/div>\n<\/div>\n<\/div>\n\n\n\n<div class=\"wp-block-column is-vertically-aligned-center is-layout-flow wp-container-core-column-is-layout-6306a1e6 wp-block-column-is-layout-flow\" style=\"padding-top:0;padding-right:0;padding-bottom:0;padding-left:0\">\n<figure superb-addons-animation=\"fadeInUp\" class=\"wp-block-image size-large has-custom-border\" style=\"margin-right:0;margin-left:0;opacity: 0;\"><img loading=\"lazy\" decoding=\"async\" width=\"2560\" height=\"2560\" src=\"https:\/\/circularoutdoorcollective.org\/wp-content\/uploads\/2026\/02\/IMG_20241004_184337_edited-edited-scaled.jpg\" alt=\"Newton under construction\" class=\"wp-image-787\" style=\"border-radius:8px\" srcset=\"https:\/\/circularoutdoorcollective.org\/wp-content\/uploads\/2026\/02\/IMG_20241004_184337_edited-edited-scaled.jpg 2560w, https:\/\/circularoutdoorcollective.org\/wp-content\/uploads\/2026\/02\/IMG_20241004_184337_edited-edited-300x300.jpg 300w, https:\/\/circularoutdoorcollective.org\/wp-content\/uploads\/2026\/02\/IMG_20241004_184337_edited-edited-1024x1024.jpg 1024w, https:\/\/circularoutdoorcollective.org\/wp-content\/uploads\/2026\/02\/IMG_20241004_184337_edited-edited-150x150.jpg 150w, https:\/\/circularoutdoorcollective.org\/wp-content\/uploads\/2026\/02\/IMG_20241004_184337_edited-edited-768x768.jpg 768w, https:\/\/circularoutdoorcollective.org\/wp-content\/uploads\/2026\/02\/IMG_20241004_184337_edited-edited-1536x1536.jpg 1536w, https:\/\/circularoutdoorcollective.org\/wp-content\/uploads\/2026\/02\/IMG_20241004_184337_edited-edited-2048x2048.jpg 2048w, https:\/\/circularoutdoorcollective.org\/wp-content\/uploads\/2026\/02\/IMG_20241004_184337_edited-edited-1320x1320.jpg 1320w\" sizes=\"auto, (max-width: 2560px) 100vw, 2560px\" \/><\/figure>\n<\/div>\n<\/div>\n<\/div>","protected":false},"excerpt":{"rendered":"<p>This site is still under construction We are constantly working on the content for the COC. We can notify you if there is something new.<\/p>","protected":false},"author":1,"featured_media":0,"parent":0,"menu_order":0,"comment_status":"closed","ping_status":"closed","template":"","meta":{"_crdt_document":"","footnotes":""},"class_list":["post-815","page","type-page","status-publish","hentry"],"_links":{"self":[{"href":"https:\/\/circularoutdoorcollective.org\/de\/wp-json\/wp\/v2\/pages\/815","targetHints":{"allow":["GET"]}}],"collection":[{"href":"https:\/\/circularoutdoorcollective.org\/de\/wp-json\/wp\/v2\/pages"}],"about":[{"href":"https:\/\/circularoutdoorcollective.org\/de\/wp-json\/wp\/v2\/types\/page"}],"author":[{"embeddable":true,"href":"https:\/\/circularoutdoorcollective.org\/de\/wp-json\/wp\/v2\/users\/1"}],"replies":[{"embeddable":true,"href":"https:\/\/circularoutdoorcollective.org\/de\/wp-json\/wp\/v2\/comments?post=815"}],"version-history":[{"count":2,"href":"https:\/\/circularoutdoorcollective.org\/de\/wp-json\/wp\/v2\/pages\/815\/revisions"}],"predecessor-version":[{"id":1244,"href":"https:\/\/circularoutdoorcollective.org\/de\/wp-json\/wp\/v2\/pages\/815\/revisions\/1244"}],"wp:attachment":[{"href":"https:\/\/circularoutdoorcollective.org\/de\/wp-json\/wp\/v2\/media?parent=815"}],"curies":[{"name":"wp","href":"https:\/\/api.w.org\/{rel}","templated":true}]}}